{"id":5650,"date":"2022-09-14T08:40:15","date_gmt":"2022-09-14T01:40:15","guid":{"rendered":"https:\/\/valia.local\/accueil\/"},"modified":"2024-02-16T09:53:20","modified_gmt":"2024-02-16T02:53:20","slug":"accueil","status":"publish","type":"page","link":"https:\/\/www.valiahotelbangkok.com\/fr\/","title":{"rendered":"Accueil"},"content":{"rendered":"","protected":false},"excerpt":{"rendered":"","protected":false},"author":1,"featured_media":0,"parent":0,"menu_order":63,"comment_status":"closed","ping_status":"closed","template":"","meta":{"_acf_changed":false,"footnotes":""},"class_list":["post-5650","page","type-page","status-publish","hentry"],"acf":[],"yoast_head":"<!-- This site is optimized with the Yoast SEO plugin v26.7 - https:\/\/yoast.com\/wordpress\/plugins\/seo\/ -->\n<title>H\u00f4tel 5 \u00e9toiles flambant neuf sur Sukhumvit 24 | Valia Hotel Bangkok<\/title>\n<meta name=\"description\" content=\"C\u2019est le dernier h\u00f4tel 5 \u00e9toiles \u00e0 ouvrir ses portes sur la populaire Sukhumvit Soi 24 de Bangkok. Le Valia Hotel dispose de 279 chambres et suites \u00e9l\u00e9gantes, un centre de fitness, une piscine ext\u00e9rieure, un restaurant, un bar au bord de la piscine et des espaces de r\u00e9union.\" \/>\n<meta name=\"robots\" content=\"index, follow, max-snippet:-1, max-image-preview:large, max-video-preview:-1\" \/>\n<link rel=\"canonical\" href=\"https:\/\/www.valiahotelbangkok.com\/fr\/\" \/>\n<meta property=\"og:locale\" content=\"fr_FR\" \/>\n<meta property=\"og:type\" content=\"article\" \/>\n<meta property=\"og:title\" content=\"H\u00f4tel 5 \u00e9toiles flambant neuf sur Sukhumvit 24 | Valia Hotel Bangkok\" \/>\n<meta property=\"og:description\" content=\"C\u2019est le dernier h\u00f4tel 5 \u00e9toiles \u00e0 ouvrir ses portes sur la populaire Sukhumvit Soi 24 de Bangkok. Le Valia Hotel dispose de 279 chambres et suites \u00e9l\u00e9gantes, un centre de fitness, une piscine ext\u00e9rieure, un restaurant, un bar au bord de la piscine et des espaces de r\u00e9union.\" \/>\n<meta property=\"og:url\" content=\"https:\/\/www.valiahotelbangkok.com\/fr\/\" \/>\n<meta property=\"og:site_name\" content=\"Valia Hotel Bangkok\" \/>\n<meta property=\"article:publisher\" content=\"https:\/\/www.facebook.com\/valiahotelbangkok\" \/>\n<meta property=\"article:modified_time\" content=\"2024-02-16T02:53:20+00:00\" \/>\n<meta name=\"twitter:card\" content=\"summary_large_image\" \/>\n<script type=\"application\/ld+json\" class=\"yoast-schema-graph\">{\"@context\":\"https:\/\/schema.org\",\"@graph\":[{\"@type\":\"WebPage\",\"@id\":\"https:\/\/www.valiahotelbangkok.com\/fr\/\",\"url\":\"https:\/\/www.valiahotelbangkok.com\/fr\/\",\"name\":\"H\u00f4tel 5 \u00e9toiles flambant neuf sur Sukhumvit 24 | Valia Hotel Bangkok\",\"isPartOf\":{\"@id\":\"https:\/\/www.valiahotelbangkok.com\/fr\/#website\"},\"datePublished\":\"2022-09-14T01:40:15+00:00\",\"dateModified\":\"2024-02-16T02:53:20+00:00\",\"description\":\"C\u2019est le dernier h\u00f4tel 5 \u00e9toiles \u00e0 ouvrir ses portes sur la populaire Sukhumvit Soi 24 de Bangkok. Le Valia Hotel dispose de 279 chambres et suites \u00e9l\u00e9gantes, un centre de fitness, une piscine ext\u00e9rieure, un restaurant, un bar au bord de la piscine et des espaces de r\u00e9union.\",\"breadcrumb\":{\"@id\":\"https:\/\/www.valiahotelbangkok.com\/fr\/#breadcrumb\"},\"inLanguage\":\"fr-FR\",\"potentialAction\":[{\"@type\":\"ReadAction\",\"target\":[\"https:\/\/www.valiahotelbangkok.com\/fr\/\"]}]},{\"@type\":\"BreadcrumbList\",\"@id\":\"https:\/\/www.valiahotelbangkok.com\/fr\/#breadcrumb\",\"itemListElement\":[{\"@type\":\"ListItem\",\"position\":1,\"name\":\"Home\",\"item\":\"https:\/\/www.valiahotelbangkok.com\/fr\/\"},{\"@type\":\"ListItem\",\"position\":2,\"name\":\"Accueil\"}]},{\"@type\":\"WebSite\",\"@id\":\"https:\/\/www.valiahotelbangkok.com\/fr\/#website\",\"url\":\"https:\/\/www.valiahotelbangkok.com\/fr\/\",\"name\":\"Valia Hotel Bangkok\",\"description\":\"\",\"publisher\":{\"@id\":\"https:\/\/www.valiahotelbangkok.com\/fr\/#organization\"},\"potentialAction\":[{\"@type\":\"SearchAction\",\"target\":{\"@type\":\"EntryPoint\",\"urlTemplate\":\"https:\/\/www.valiahotelbangkok.com\/fr\/?s={search_term_string}\"},\"query-input\":{\"@type\":\"PropertyValueSpecification\",\"valueRequired\":true,\"valueName\":\"search_term_string\"}}],\"inLanguage\":\"fr-FR\"},{\"@type\":\"Organization\",\"@id\":\"https:\/\/www.valiahotelbangkok.com\/fr\/#organization\",\"name\":\"Valia Hotel Bangkok\",\"url\":\"https:\/\/www.valiahotelbangkok.com\/fr\/\",\"logo\":{\"@type\":\"ImageObject\",\"inLanguage\":\"fr-FR\",\"@id\":\"https:\/\/www.valiahotelbangkok.com\/fr\/#\/schema\/logo\/image\/\",\"url\":\"https:\/\/www.valiahotelbangkok.com\/wp-content\/uploads\/2022\/09\/logo-1.png\",\"contentUrl\":\"https:\/\/www.valiahotelbangkok.com\/wp-content\/uploads\/2022\/09\/logo-1.png\",\"width\":49,\"height\":43,\"caption\":\"Valia Hotel Bangkok\"},\"image\":{\"@id\":\"https:\/\/www.valiahotelbangkok.com\/fr\/#\/schema\/logo\/image\/\"},\"sameAs\":[\"https:\/\/www.facebook.com\/valiahotelbangkok\"]}]}<\/script>\n<!-- \/ Yoast SEO plugin. -->","yoast_head_json":{"title":"H\u00f4tel 5 \u00e9toiles flambant neuf sur Sukhumvit 24 | Valia Hotel Bangkok","description":"C\u2019est le dernier h\u00f4tel 5 \u00e9toiles \u00e0 ouvrir ses portes sur la populaire Sukhumvit Soi 24 de Bangkok. Le Valia Hotel dispose de 279 chambres et suites \u00e9l\u00e9gantes, un centre de fitness, une piscine ext\u00e9rieure, un restaurant, un bar au bord de la piscine et des espaces de r\u00e9union.","robots":{"index":"index","follow":"follow","max-snippet":"max-snippet:-1","max-image-preview":"max-image-preview:large","max-video-preview":"max-video-preview:-1"},"canonical":"https:\/\/www.valiahotelbangkok.com\/fr\/","og_locale":"fr_FR","og_type":"article","og_title":"H\u00f4tel 5 \u00e9toiles flambant neuf sur Sukhumvit 24 | Valia Hotel Bangkok","og_description":"C\u2019est le dernier h\u00f4tel 5 \u00e9toiles \u00e0 ouvrir ses portes sur la populaire Sukhumvit Soi 24 de Bangkok. Le Valia Hotel dispose de 279 chambres et suites \u00e9l\u00e9gantes, un centre de fitness, une piscine ext\u00e9rieure, un restaurant, un bar au bord de la piscine et des espaces de r\u00e9union.","og_url":"https:\/\/www.valiahotelbangkok.com\/fr\/","og_site_name":"Valia Hotel Bangkok","article_publisher":"https:\/\/www.facebook.com\/valiahotelbangkok","article_modified_time":"2024-02-16T02:53:20+00:00","twitter_card":"summary_large_image","schema":{"@context":"https:\/\/schema.org","@graph":[{"@type":"WebPage","@id":"https:\/\/www.valiahotelbangkok.com\/fr\/","url":"https:\/\/www.valiahotelbangkok.com\/fr\/","name":"H\u00f4tel 5 \u00e9toiles flambant neuf sur Sukhumvit 24 | Valia Hotel Bangkok","isPartOf":{"@id":"https:\/\/www.valiahotelbangkok.com\/fr\/#website"},"datePublished":"2022-09-14T01:40:15+00:00","dateModified":"2024-02-16T02:53:20+00:00","description":"C\u2019est le dernier h\u00f4tel 5 \u00e9toiles \u00e0 ouvrir ses portes sur la populaire Sukhumvit Soi 24 de Bangkok. Le Valia Hotel dispose de 279 chambres et suites \u00e9l\u00e9gantes, un centre de fitness, une piscine ext\u00e9rieure, un restaurant, un bar au bord de la piscine et des espaces de r\u00e9union.","breadcrumb":{"@id":"https:\/\/www.valiahotelbangkok.com\/fr\/#breadcrumb"},"inLanguage":"fr-FR","potentialAction":[{"@type":"ReadAction","target":["https:\/\/www.valiahotelbangkok.com\/fr\/"]}]},{"@type":"BreadcrumbList","@id":"https:\/\/www.valiahotelbangkok.com\/fr\/#breadcrumb","itemListElement":[{"@type":"ListItem","position":1,"name":"Home","item":"https:\/\/www.valiahotelbangkok.com\/fr\/"},{"@type":"ListItem","position":2,"name":"Accueil"}]},{"@type":"WebSite","@id":"https:\/\/www.valiahotelbangkok.com\/fr\/#website","url":"https:\/\/www.valiahotelbangkok.com\/fr\/","name":"Valia Hotel Bangkok","description":"","publisher":{"@id":"https:\/\/www.valiahotelbangkok.com\/fr\/#organization"},"potentialAction":[{"@type":"SearchAction","target":{"@type":"EntryPoint","urlTemplate":"https:\/\/www.valiahotelbangkok.com\/fr\/?s={search_term_string}"},"query-input":{"@type":"PropertyValueSpecification","valueRequired":true,"valueName":"search_term_string"}}],"inLanguage":"fr-FR"},{"@type":"Organization","@id":"https:\/\/www.valiahotelbangkok.com\/fr\/#organization","name":"Valia Hotel Bangkok","url":"https:\/\/www.valiahotelbangkok.com\/fr\/","logo":{"@type":"ImageObject","inLanguage":"fr-FR","@id":"https:\/\/www.valiahotelbangkok.com\/fr\/#\/schema\/logo\/image\/","url":"https:\/\/www.valiahotelbangkok.com\/wp-content\/uploads\/2022\/09\/logo-1.png","contentUrl":"https:\/\/www.valiahotelbangkok.com\/wp-content\/uploads\/2022\/09\/logo-1.png","width":49,"height":43,"caption":"Valia Hotel Bangkok"},"image":{"@id":"https:\/\/www.valiahotelbangkok.com\/fr\/#\/schema\/logo\/image\/"},"sameAs":["https:\/\/www.facebook.com\/valiahotelbangkok"]}]}},"_links":{"self":[{"href":"https:\/\/www.valiahotelbangkok.com\/fr\/wp-json\/wp\/v2\/pages\/5650","targetHints":{"allow":["GET"]}}],"collection":[{"href":"https:\/\/www.valiahotelbangkok.com\/fr\/wp-json\/wp\/v2\/pages"}],"about":[{"href":"https:\/\/www.valiahotelbangkok.com\/fr\/wp-json\/wp\/v2\/types\/page"}],"author":[{"embeddable":true,"href":"https:\/\/www.valiahotelbangkok.com\/fr\/wp-json\/wp\/v2\/users\/1"}],"replies":[{"embeddable":true,"href":"https:\/\/www.valiahotelbangkok.com\/fr\/wp-json\/wp\/v2\/comments?post=5650"}],"version-history":[{"count":1,"href":"https:\/\/www.valiahotelbangkok.com\/fr\/wp-json\/wp\/v2\/pages\/5650\/revisions"}],"predecessor-version":[{"id":6839,"href":"https:\/\/www.valiahotelbangkok.com\/fr\/wp-json\/wp\/v2\/pages\/5650\/revisions\/6839"}],"wp:attachment":[{"href":"https:\/\/www.valiahotelbangkok.com\/fr\/wp-json\/wp\/v2\/media?parent=5650"}],"curies":[{"name":"wp","href":"https:\/\/api.w.org\/{rel}","templated":true}]}}