{"id":5670,"date":"2022-10-04T14:24:22","date_gmt":"2022-10-04T07:24:22","guid":{"rendered":"https:\/\/valia.local\/concept\/"},"modified":"2022-10-04T14:24:22","modified_gmt":"2022-10-04T07:24:22","slug":"concept","status":"publish","type":"page","link":"https:\/\/www.valiahotelbangkok.com\/fr\/concept\/","title":{"rendered":"Concept"},"content":{"rendered":"","protected":false},"excerpt":{"rendered":"","protected":false},"author":1,"featured_media":0,"parent":0,"menu_order":26,"comment_status":"closed","ping_status":"closed","template":"templates\/concept.php","meta":{"_acf_changed":false,"footnotes":""},"class_list":["post-5670","page","type-page","status-publish","hentry"],"acf":[],"yoast_head":"<!-- This site is optimized with the Yoast SEO plugin v26.7 - https:\/\/yoast.com\/wordpress\/plugins\/seo\/ -->\n<title>Un endroit o\u00f9 un millier de voyages aboutissent \u00e0 une destination frappante | Valia Hotel Bangkok<\/title>\n<meta name=\"description\" content=\"Valia est un concept d\u2019hospitalit\u00e9 novateur inspir\u00e9 par le myst\u00e8re et la magie d\u2019une odyss\u00e9e le long de la Route de la Soie enchant\u00e9e. Tous nos designs int\u00e9rieurs sont inspir\u00e9s par ce concept.\" \/>\n<meta name=\"robots\" content=\"index, follow, max-snippet:-1, max-image-preview:large, max-video-preview:-1\" \/>\n<link rel=\"canonical\" href=\"https:\/\/www.valiahotelbangkok.com\/fr\/concept\/\" \/>\n<meta property=\"og:locale\" content=\"fr_FR\" \/>\n<meta property=\"og:type\" content=\"article\" \/>\n<meta property=\"og:title\" content=\"Un endroit o\u00f9 un millier de voyages aboutissent \u00e0 une destination frappante | Valia Hotel Bangkok\" \/>\n<meta property=\"og:description\" content=\"Valia est un concept d\u2019hospitalit\u00e9 novateur inspir\u00e9 par le myst\u00e8re et la magie d\u2019une odyss\u00e9e le long de la Route de la Soie enchant\u00e9e. Tous nos designs int\u00e9rieurs sont inspir\u00e9s par ce concept.\" \/>\n<meta property=\"og:url\" content=\"https:\/\/www.valiahotelbangkok.com\/fr\/concept\/\" \/>\n<meta property=\"og:site_name\" content=\"Valia Hotel Bangkok\" \/>\n<meta property=\"article:publisher\" content=\"https:\/\/www.facebook.com\/valiahotelbangkok\" \/>\n<meta name=\"twitter:card\" content=\"summary_large_image\" \/>\n<script type=\"application\/ld+json\" class=\"yoast-schema-graph\">{\"@context\":\"https:\/\/schema.org\",\"@graph\":[{\"@type\":\"WebPage\",\"@id\":\"https:\/\/www.valiahotelbangkok.com\/fr\/concept\/\",\"url\":\"https:\/\/www.valiahotelbangkok.com\/fr\/concept\/\",\"name\":\"Un endroit o\u00f9 un millier de voyages aboutissent \u00e0 une destination frappante | Valia Hotel Bangkok\",\"isPartOf\":{\"@id\":\"https:\/\/www.valiahotelbangkok.com\/fr\/#website\"},\"datePublished\":\"2022-10-04T07:24:22+00:00\",\"description\":\"Valia est un concept d\u2019hospitalit\u00e9 novateur inspir\u00e9 par le myst\u00e8re et la magie d\u2019une odyss\u00e9e le long de la Route de la Soie enchant\u00e9e. Tous nos designs int\u00e9rieurs sont inspir\u00e9s par ce concept.\",\"breadcrumb\":{\"@id\":\"https:\/\/www.valiahotelbangkok.com\/fr\/concept\/#breadcrumb\"},\"inLanguage\":\"fr-FR\",\"potentialAction\":[{\"@type\":\"ReadAction\",\"target\":[\"https:\/\/www.valiahotelbangkok.com\/fr\/concept\/\"]}]},{\"@type\":\"BreadcrumbList\",\"@id\":\"https:\/\/www.valiahotelbangkok.com\/fr\/concept\/#breadcrumb\",\"itemListElement\":[{\"@type\":\"ListItem\",\"position\":1,\"name\":\"Home\",\"item\":\"https:\/\/www.valiahotelbangkok.com\/fr\/\"},{\"@type\":\"ListItem\",\"position\":2,\"name\":\"Concept\"}]},{\"@type\":\"WebSite\",\"@id\":\"https:\/\/www.valiahotelbangkok.com\/fr\/#website\",\"url\":\"https:\/\/www.valiahotelbangkok.com\/fr\/\",\"name\":\"Valia Hotel Bangkok\",\"description\":\"\",\"publisher\":{\"@id\":\"https:\/\/www.valiahotelbangkok.com\/fr\/#organization\"},\"potentialAction\":[{\"@type\":\"SearchAction\",\"target\":{\"@type\":\"EntryPoint\",\"urlTemplate\":\"https:\/\/www.valiahotelbangkok.com\/fr\/?s={search_term_string}\"},\"query-input\":{\"@type\":\"PropertyValueSpecification\",\"valueRequired\":true,\"valueName\":\"search_term_string\"}}],\"inLanguage\":\"fr-FR\"},{\"@type\":\"Organization\",\"@id\":\"https:\/\/www.valiahotelbangkok.com\/fr\/#organization\",\"name\":\"Valia Hotel Bangkok\",\"url\":\"https:\/\/www.valiahotelbangkok.com\/fr\/\",\"logo\":{\"@type\":\"ImageObject\",\"inLanguage\":\"fr-FR\",\"@id\":\"https:\/\/www.valiahotelbangkok.com\/fr\/#\/schema\/logo\/image\/\",\"url\":\"https:\/\/www.valiahotelbangkok.com\/wp-content\/uploads\/2022\/09\/logo-1.png\",\"contentUrl\":\"https:\/\/www.valiahotelbangkok.com\/wp-content\/uploads\/2022\/09\/logo-1.png\",\"width\":49,\"height\":43,\"caption\":\"Valia Hotel Bangkok\"},\"image\":{\"@id\":\"https:\/\/www.valiahotelbangkok.com\/fr\/#\/schema\/logo\/image\/\"},\"sameAs\":[\"https:\/\/www.facebook.com\/valiahotelbangkok\"]}]}<\/script>\n<!-- \/ Yoast SEO plugin. -->","yoast_head_json":{"title":"Un endroit o\u00f9 un millier de voyages aboutissent \u00e0 une destination frappante | Valia Hotel Bangkok","description":"Valia est un concept d\u2019hospitalit\u00e9 novateur inspir\u00e9 par le myst\u00e8re et la magie d\u2019une odyss\u00e9e le long de la Route de la Soie enchant\u00e9e. Tous nos designs int\u00e9rieurs sont inspir\u00e9s par ce concept.","robots":{"index":"index","follow":"follow","max-snippet":"max-snippet:-1","max-image-preview":"max-image-preview:large","max-video-preview":"max-video-preview:-1"},"canonical":"https:\/\/www.valiahotelbangkok.com\/fr\/concept\/","og_locale":"fr_FR","og_type":"article","og_title":"Un endroit o\u00f9 un millier de voyages aboutissent \u00e0 une destination frappante | Valia Hotel Bangkok","og_description":"Valia est un concept d\u2019hospitalit\u00e9 novateur inspir\u00e9 par le myst\u00e8re et la magie d\u2019une odyss\u00e9e le long de la Route de la Soie enchant\u00e9e. Tous nos designs int\u00e9rieurs sont inspir\u00e9s par ce concept.","og_url":"https:\/\/www.valiahotelbangkok.com\/fr\/concept\/","og_site_name":"Valia Hotel Bangkok","article_publisher":"https:\/\/www.facebook.com\/valiahotelbangkok","twitter_card":"summary_large_image","schema":{"@context":"https:\/\/schema.org","@graph":[{"@type":"WebPage","@id":"https:\/\/www.valiahotelbangkok.com\/fr\/concept\/","url":"https:\/\/www.valiahotelbangkok.com\/fr\/concept\/","name":"Un endroit o\u00f9 un millier de voyages aboutissent \u00e0 une destination frappante | Valia Hotel Bangkok","isPartOf":{"@id":"https:\/\/www.valiahotelbangkok.com\/fr\/#website"},"datePublished":"2022-10-04T07:24:22+00:00","description":"Valia est un concept d\u2019hospitalit\u00e9 novateur inspir\u00e9 par le myst\u00e8re et la magie d\u2019une odyss\u00e9e le long de la Route de la Soie enchant\u00e9e. Tous nos designs int\u00e9rieurs sont inspir\u00e9s par ce concept.","breadcrumb":{"@id":"https:\/\/www.valiahotelbangkok.com\/fr\/concept\/#breadcrumb"},"inLanguage":"fr-FR","potentialAction":[{"@type":"ReadAction","target":["https:\/\/www.valiahotelbangkok.com\/fr\/concept\/"]}]},{"@type":"BreadcrumbList","@id":"https:\/\/www.valiahotelbangkok.com\/fr\/concept\/#breadcrumb","itemListElement":[{"@type":"ListItem","position":1,"name":"Home","item":"https:\/\/www.valiahotelbangkok.com\/fr\/"},{"@type":"ListItem","position":2,"name":"Concept"}]},{"@type":"WebSite","@id":"https:\/\/www.valiahotelbangkok.com\/fr\/#website","url":"https:\/\/www.valiahotelbangkok.com\/fr\/","name":"Valia Hotel Bangkok","description":"","publisher":{"@id":"https:\/\/www.valiahotelbangkok.com\/fr\/#organization"},"potentialAction":[{"@type":"SearchAction","target":{"@type":"EntryPoint","urlTemplate":"https:\/\/www.valiahotelbangkok.com\/fr\/?s={search_term_string}"},"query-input":{"@type":"PropertyValueSpecification","valueRequired":true,"valueName":"search_term_string"}}],"inLanguage":"fr-FR"},{"@type":"Organization","@id":"https:\/\/www.valiahotelbangkok.com\/fr\/#organization","name":"Valia Hotel Bangkok","url":"https:\/\/www.valiahotelbangkok.com\/fr\/","logo":{"@type":"ImageObject","inLanguage":"fr-FR","@id":"https:\/\/www.valiahotelbangkok.com\/fr\/#\/schema\/logo\/image\/","url":"https:\/\/www.valiahotelbangkok.com\/wp-content\/uploads\/2022\/09\/logo-1.png","contentUrl":"https:\/\/www.valiahotelbangkok.com\/wp-content\/uploads\/2022\/09\/logo-1.png","width":49,"height":43,"caption":"Valia Hotel Bangkok"},"image":{"@id":"https:\/\/www.valiahotelbangkok.com\/fr\/#\/schema\/logo\/image\/"},"sameAs":["https:\/\/www.facebook.com\/valiahotelbangkok"]}]}},"_links":{"self":[{"href":"https:\/\/www.valiahotelbangkok.com\/fr\/wp-json\/wp\/v2\/pages\/5670","targetHints":{"allow":["GET"]}}],"collection":[{"href":"https:\/\/www.valiahotelbangkok.com\/fr\/wp-json\/wp\/v2\/pages"}],"about":[{"href":"https:\/\/www.valiahotelbangkok.com\/fr\/wp-json\/wp\/v2\/types\/page"}],"author":[{"embeddable":true,"href":"https:\/\/www.valiahotelbangkok.com\/fr\/wp-json\/wp\/v2\/users\/1"}],"replies":[{"embeddable":true,"href":"https:\/\/www.valiahotelbangkok.com\/fr\/wp-json\/wp\/v2\/comments?post=5670"}],"version-history":[{"count":0,"href":"https:\/\/www.valiahotelbangkok.com\/fr\/wp-json\/wp\/v2\/pages\/5670\/revisions"}],"wp:attachment":[{"href":"https:\/\/www.valiahotelbangkok.com\/fr\/wp-json\/wp\/v2\/media?parent=5670"}],"curies":[{"name":"wp","href":"https:\/\/api.w.org\/{rel}","templated":true}]}}