{"id":5779,"date":"2022-10-20T09:46:31","date_gmt":"2022-10-20T02:46:31","guid":{"rendered":"https:\/\/valia.local\/experiences\/"},"modified":"2022-10-20T09:46:31","modified_gmt":"2022-10-20T02:46:31","slug":"experiences","status":"publish","type":"page","link":"https:\/\/www.valiahotelbangkok.com\/fr\/experiences\/","title":{"rendered":"Exp\u00e9riences"},"content":{"rendered":"","protected":false},"excerpt":{"rendered":"","protected":false},"author":1,"featured_media":0,"parent":0,"menu_order":50,"comment_status":"closed","ping_status":"closed","template":"templates\/experiences.php","meta":{"_acf_changed":false,"footnotes":""},"class_list":["post-5779","page","type-page","status-publish","hentry"],"acf":[],"yoast_head":"<!-- This site is optimized with the Yoast SEO plugin v26.7 - https:\/\/yoast.com\/wordpress\/plugins\/seo\/ -->\n<title>Exp\u00e9riences \u00e0 Valia Hotel Bangkok et au-del\u00e0<\/title>\n<meta name=\"description\" content=\"D\u00e9couvrez des exp\u00e9riences uniques non seulement \u00e0 Valia Hotel Bangkok, mais trouvez \u00e9galement une gamme de recommandations telles que des attractions, les meilleurs endroits pour d\u00eener ou les derniers \u00e9v\u00e9nements de Bangkok.\" \/>\n<meta name=\"robots\" content=\"index, follow, max-snippet:-1, max-image-preview:large, max-video-preview:-1\" \/>\n<link rel=\"canonical\" href=\"https:\/\/www.valiahotelbangkok.com\/fr\/experiences\/\" \/>\n<meta property=\"og:locale\" content=\"fr_FR\" \/>\n<meta property=\"og:type\" content=\"article\" \/>\n<meta property=\"og:title\" content=\"Exp\u00e9riences \u00e0 Valia Hotel Bangkok et au-del\u00e0\" \/>\n<meta property=\"og:description\" content=\"D\u00e9couvrez des exp\u00e9riences uniques non seulement \u00e0 Valia Hotel Bangkok, mais trouvez \u00e9galement une gamme de recommandations telles que des attractions, les meilleurs endroits pour d\u00eener ou les derniers \u00e9v\u00e9nements de Bangkok.\" \/>\n<meta property=\"og:url\" content=\"https:\/\/www.valiahotelbangkok.com\/fr\/experiences\/\" \/>\n<meta property=\"og:site_name\" content=\"Valia Hotel Bangkok\" \/>\n<meta property=\"article:publisher\" content=\"https:\/\/www.facebook.com\/valiahotelbangkok\" \/>\n<meta name=\"twitter:card\" content=\"summary_large_image\" \/>\n<script type=\"application\/ld+json\" class=\"yoast-schema-graph\">{\"@context\":\"https:\/\/schema.org\",\"@graph\":[{\"@type\":\"WebPage\",\"@id\":\"https:\/\/www.valiahotelbangkok.com\/fr\/experiences\/\",\"url\":\"https:\/\/www.valiahotelbangkok.com\/fr\/experiences\/\",\"name\":\"Exp\u00e9riences \u00e0 Valia Hotel Bangkok et au-del\u00e0\",\"isPartOf\":{\"@id\":\"https:\/\/www.valiahotelbangkok.com\/fr\/#website\"},\"datePublished\":\"2022-10-20T02:46:31+00:00\",\"description\":\"D\u00e9couvrez des exp\u00e9riences uniques non seulement \u00e0 Valia Hotel Bangkok, mais trouvez \u00e9galement une gamme de recommandations telles que des attractions, les meilleurs endroits pour d\u00eener ou les derniers \u00e9v\u00e9nements de Bangkok.\",\"breadcrumb\":{\"@id\":\"https:\/\/www.valiahotelbangkok.com\/fr\/experiences\/#breadcrumb\"},\"inLanguage\":\"fr-FR\",\"potentialAction\":[{\"@type\":\"ReadAction\",\"target\":[\"https:\/\/www.valiahotelbangkok.com\/fr\/experiences\/\"]}]},{\"@type\":\"BreadcrumbList\",\"@id\":\"https:\/\/www.valiahotelbangkok.com\/fr\/experiences\/#breadcrumb\",\"itemListElement\":[{\"@type\":\"ListItem\",\"position\":1,\"name\":\"Home\",\"item\":\"https:\/\/www.valiahotelbangkok.com\/fr\/\"},{\"@type\":\"ListItem\",\"position\":2,\"name\":\"Exp\u00e9riences\"}]},{\"@type\":\"WebSite\",\"@id\":\"https:\/\/www.valiahotelbangkok.com\/fr\/#website\",\"url\":\"https:\/\/www.valiahotelbangkok.com\/fr\/\",\"name\":\"Valia Hotel Bangkok\",\"description\":\"\",\"publisher\":{\"@id\":\"https:\/\/www.valiahotelbangkok.com\/fr\/#organization\"},\"potentialAction\":[{\"@type\":\"SearchAction\",\"target\":{\"@type\":\"EntryPoint\",\"urlTemplate\":\"https:\/\/www.valiahotelbangkok.com\/fr\/?s={search_term_string}\"},\"query-input\":{\"@type\":\"PropertyValueSpecification\",\"valueRequired\":true,\"valueName\":\"search_term_string\"}}],\"inLanguage\":\"fr-FR\"},{\"@type\":\"Organization\",\"@id\":\"https:\/\/www.valiahotelbangkok.com\/fr\/#organization\",\"name\":\"Valia Hotel Bangkok\",\"url\":\"https:\/\/www.valiahotelbangkok.com\/fr\/\",\"logo\":{\"@type\":\"ImageObject\",\"inLanguage\":\"fr-FR\",\"@id\":\"https:\/\/www.valiahotelbangkok.com\/fr\/#\/schema\/logo\/image\/\",\"url\":\"https:\/\/www.valiahotelbangkok.com\/wp-content\/uploads\/2022\/09\/logo-1.png\",\"contentUrl\":\"https:\/\/www.valiahotelbangkok.com\/wp-content\/uploads\/2022\/09\/logo-1.png\",\"width\":49,\"height\":43,\"caption\":\"Valia Hotel Bangkok\"},\"image\":{\"@id\":\"https:\/\/www.valiahotelbangkok.com\/fr\/#\/schema\/logo\/image\/\"},\"sameAs\":[\"https:\/\/www.facebook.com\/valiahotelbangkok\"]}]}<\/script>\n<!-- \/ Yoast SEO plugin. -->","yoast_head_json":{"title":"Exp\u00e9riences \u00e0 Valia Hotel Bangkok et au-del\u00e0","description":"D\u00e9couvrez des exp\u00e9riences uniques non seulement \u00e0 Valia Hotel Bangkok, mais trouvez \u00e9galement une gamme de recommandations telles que des attractions, les meilleurs endroits pour d\u00eener ou les derniers \u00e9v\u00e9nements de Bangkok.","robots":{"index":"index","follow":"follow","max-snippet":"max-snippet:-1","max-image-preview":"max-image-preview:large","max-video-preview":"max-video-preview:-1"},"canonical":"https:\/\/www.valiahotelbangkok.com\/fr\/experiences\/","og_locale":"fr_FR","og_type":"article","og_title":"Exp\u00e9riences \u00e0 Valia Hotel Bangkok et au-del\u00e0","og_description":"D\u00e9couvrez des exp\u00e9riences uniques non seulement \u00e0 Valia Hotel Bangkok, mais trouvez \u00e9galement une gamme de recommandations telles que des attractions, les meilleurs endroits pour d\u00eener ou les derniers \u00e9v\u00e9nements de Bangkok.","og_url":"https:\/\/www.valiahotelbangkok.com\/fr\/experiences\/","og_site_name":"Valia Hotel Bangkok","article_publisher":"https:\/\/www.facebook.com\/valiahotelbangkok","twitter_card":"summary_large_image","schema":{"@context":"https:\/\/schema.org","@graph":[{"@type":"WebPage","@id":"https:\/\/www.valiahotelbangkok.com\/fr\/experiences\/","url":"https:\/\/www.valiahotelbangkok.com\/fr\/experiences\/","name":"Exp\u00e9riences \u00e0 Valia Hotel Bangkok et au-del\u00e0","isPartOf":{"@id":"https:\/\/www.valiahotelbangkok.com\/fr\/#website"},"datePublished":"2022-10-20T02:46:31+00:00","description":"D\u00e9couvrez des exp\u00e9riences uniques non seulement \u00e0 Valia Hotel Bangkok, mais trouvez \u00e9galement une gamme de recommandations telles que des attractions, les meilleurs endroits pour d\u00eener ou les derniers \u00e9v\u00e9nements de Bangkok.","breadcrumb":{"@id":"https:\/\/www.valiahotelbangkok.com\/fr\/experiences\/#breadcrumb"},"inLanguage":"fr-FR","potentialAction":[{"@type":"ReadAction","target":["https:\/\/www.valiahotelbangkok.com\/fr\/experiences\/"]}]},{"@type":"BreadcrumbList","@id":"https:\/\/www.valiahotelbangkok.com\/fr\/experiences\/#breadcrumb","itemListElement":[{"@type":"ListItem","position":1,"name":"Home","item":"https:\/\/www.valiahotelbangkok.com\/fr\/"},{"@type":"ListItem","position":2,"name":"Exp\u00e9riences"}]},{"@type":"WebSite","@id":"https:\/\/www.valiahotelbangkok.com\/fr\/#website","url":"https:\/\/www.valiahotelbangkok.com\/fr\/","name":"Valia Hotel Bangkok","description":"","publisher":{"@id":"https:\/\/www.valiahotelbangkok.com\/fr\/#organization"},"potentialAction":[{"@type":"SearchAction","target":{"@type":"EntryPoint","urlTemplate":"https:\/\/www.valiahotelbangkok.com\/fr\/?s={search_term_string}"},"query-input":{"@type":"PropertyValueSpecification","valueRequired":true,"valueName":"search_term_string"}}],"inLanguage":"fr-FR"},{"@type":"Organization","@id":"https:\/\/www.valiahotelbangkok.com\/fr\/#organization","name":"Valia Hotel Bangkok","url":"https:\/\/www.valiahotelbangkok.com\/fr\/","logo":{"@type":"ImageObject","inLanguage":"fr-FR","@id":"https:\/\/www.valiahotelbangkok.com\/fr\/#\/schema\/logo\/image\/","url":"https:\/\/www.valiahotelbangkok.com\/wp-content\/uploads\/2022\/09\/logo-1.png","contentUrl":"https:\/\/www.valiahotelbangkok.com\/wp-content\/uploads\/2022\/09\/logo-1.png","width":49,"height":43,"caption":"Valia Hotel Bangkok"},"image":{"@id":"https:\/\/www.valiahotelbangkok.com\/fr\/#\/schema\/logo\/image\/"},"sameAs":["https:\/\/www.facebook.com\/valiahotelbangkok"]}]}},"_links":{"self":[{"href":"https:\/\/www.valiahotelbangkok.com\/fr\/wp-json\/wp\/v2\/pages\/5779","targetHints":{"allow":["GET"]}}],"collection":[{"href":"https:\/\/www.valiahotelbangkok.com\/fr\/wp-json\/wp\/v2\/pages"}],"about":[{"href":"https:\/\/www.valiahotelbangkok.com\/fr\/wp-json\/wp\/v2\/types\/page"}],"author":[{"embeddable":true,"href":"https:\/\/www.valiahotelbangkok.com\/fr\/wp-json\/wp\/v2\/users\/1"}],"replies":[{"embeddable":true,"href":"https:\/\/www.valiahotelbangkok.com\/fr\/wp-json\/wp\/v2\/comments?post=5779"}],"version-history":[{"count":0,"href":"https:\/\/www.valiahotelbangkok.com\/fr\/wp-json\/wp\/v2\/pages\/5779\/revisions"}],"wp:attachment":[{"href":"https:\/\/www.valiahotelbangkok.com\/fr\/wp-json\/wp\/v2\/media?parent=5779"}],"curies":[{"name":"wp","href":"https:\/\/api.w.org\/{rel}","templated":true}]}}